{"id":115,"date":"2022-10-27T15:04:41","date_gmt":"2022-10-27T15:04:41","guid":{"rendered":"https:\/\/business.e-languages.ca\/?page_id=115"},"modified":"2022-10-27T15:04:42","modified_gmt":"2022-10-27T15:04:42","slug":"confidentiality-notice","status":"publish","type":"page","link":"https:\/\/business.e-languages.ca\/es\/confidentiality-notice\/","title":{"rendered":"AVISO DE CONFIDENCIALIDAD"},"content":{"rendered":"<p>Este mensaje va dirigido exclusivamente a su destinatario, en caso de haber recibido este mensaje por error, puede comunic\u00e1rnoslo mediante el correo electr\u00f3nico enviado a nuestra atenci\u00f3n y procederemos a revisar el motivo del error.<\/p>\n\n\n\n<p>Asimismo, el correo electr\u00f3nico puede contener documentos y\/o informaci\u00f3n confidencial propia o de terceros por lo que rogamos proceda a su eliminaci\u00f3n, tanto del correo electr\u00f3nico como de los documentos adjuntos, con el fin de evitar futuras fugas de informaci\u00f3n confidencial.<\/p>\n\n\n\n<p>En cumplimiento del Reglamento (UE) 2016\/679 del Parlamento Europeo y del Consejo, de 27 de abril de 2016, puede ejercer sus derechos de acceso, rectificaci\u00f3n, cancelaci\u00f3n y oposici\u00f3n (derechos ARCO) a trav\u00e9s de: https:\/\/business.e-languages.ca\/<\/p>\n\n\n\n<p>El Aviso de privacidad se ha creado utilizando el sistema en l\u00ednea&nbsp;<a href=\"https:\/\/textos-legales.edgartamarit.com\/\">generador de textos legales el 29\/08\/2022.<\/a><\/p>","protected":false},"excerpt":{"rendered":"<p>This message is addressed exclusively to its addressee, in case you have received this message by mistake, you can communicate it to us by means of the email sent to our attention and we will proceed to review the reason for the error. Also, the email may contain documents and \/ or confidential information of [&hellip;]<\/p>\n","protected":false},"author":1,"featured_media":0,"parent":0,"menu_order":0,"comment_status":"closed","ping_status":"closed","template":"","meta":{"footnotes":""},"class_list":["post-115","page","type-page","status-publish","hentry"],"_links":{"self":[{"href":"https:\/\/business.e-languages.ca\/es\/wp-json\/wp\/v2\/pages\/115","targetHints":{"allow":["GET"]}}],"collection":[{"href":"https:\/\/business.e-languages.ca\/es\/wp-json\/wp\/v2\/pages"}],"about":[{"href":"https:\/\/business.e-languages.ca\/es\/wp-json\/wp\/v2\/types\/page"}],"author":[{"embeddable":true,"href":"https:\/\/business.e-languages.ca\/es\/wp-json\/wp\/v2\/users\/1"}],"replies":[{"embeddable":true,"href":"https:\/\/business.e-languages.ca\/es\/wp-json\/wp\/v2\/comments?post=115"}],"version-history":[{"count":1,"href":"https:\/\/business.e-languages.ca\/es\/wp-json\/wp\/v2\/pages\/115\/revisions"}],"predecessor-version":[{"id":116,"href":"https:\/\/business.e-languages.ca\/es\/wp-json\/wp\/v2\/pages\/115\/revisions\/116"}],"wp:attachment":[{"href":"https:\/\/business.e-languages.ca\/es\/wp-json\/wp\/v2\/media?parent=115"}],"curies":[{"name":"wp","href":"https:\/\/api.w.org\/{rel}","templated":true}]}}